{"id":8762,"date":"2024-03-02T18:27:05","date_gmt":"2024-03-02T17:27:05","guid":{"rendered":"https:\/\/calaisboissons.com\/?post_type=product&#038;p=8762"},"modified":"2024-03-04T08:59:34","modified_gmt":"2024-03-04T07:59:34","slug":"huile-dolive-vierge-extra-biologique-5l-x-4-x-5-1palette","status":"publish","type":"product","link":"https:\/\/calaisboissons.com\/index.php\/produit\/huile-dolive-vierge-extra-biologique-5l-x-4-x-5-1palette\/","title":{"rendered":"Huile d&rsquo;olive vierge extra biologique (5L x 4 x 5) 1Palette"},"content":{"rendered":"<p>L\u2019huile biologique a \u00e9t\u00e9 \u00e9labor\u00e9e \u00e0 partir d\u2019olives arbequinas issues de la culture biologique. Une culture sans engrais ni pesticides de synth\u00e8se chimique\u00a0; le produit final ne contient donc pas de r\u00e9sidus de ces substances.<\/p>\n<p>Gr\u00e2ce \u00e0 cela, l\u2019huile vierge extra de cat\u00e9gorie sup\u00e9rieure est un aliment de grande qualit\u00e9 qui respecte en m\u00eame temps l\u2019environnement. La certification biologique garantit que le produit a \u00e9t\u00e9 contr\u00f4l\u00e9 tout le long du processus de production, \u00e9laboration, conditionnement et commercialisation.<\/p>\n","protected":false},"excerpt":{"rendered":"<p>5L x 4 le paquet (5 euro l&rsquo;unit\u00e9)<\/p>\n<p>5 paquet par palette<\/p>\n","protected":false},"featured_media":8763,"template":"","meta":[],"product_cat":[72],"product_tag":[],"_links":{"self":[{"href":"https:\/\/calaisboissons.com\/index.php\/wp-json\/wp\/v2\/product\/8762"}],"collection":[{"href":"https:\/\/calaisboissons.com\/index.php\/wp-json\/wp\/v2\/product"}],"about":[{"href":"https:\/\/calaisboissons.com\/index.php\/wp-json\/wp\/v2\/types\/product"}],"version-history":[{"count":1,"href":"https:\/\/calaisboissons.com\/index.php\/wp-json\/wp\/v2\/product\/8762\/revisions"}],"predecessor-version":[{"id":8764,"href":"https:\/\/calaisboissons.com\/index.php\/wp-json\/wp\/v2\/product\/8762\/revisions\/8764"}],"wp:featuredmedia":[{"embeddable":true,"href":"https:\/\/calaisboissons.com\/index.php\/wp-json\/wp\/v2\/media\/8763"}],"wp:attachment":[{"href":"https:\/\/calaisboissons.com\/index.php\/wp-json\/wp\/v2\/media?parent=8762"}],"wp:term":[{"taxonomy":"product_cat","embeddable":true,"href":"https:\/\/calaisboissons.com\/index.php\/wp-json\/wp\/v2\/product_cat?post=8762"},{"taxonomy":"product_tag","embeddable":true,"href":"https:\/\/calaisboissons.com\/index.php\/wp-json\/wp\/v2\/product_tag?post=8762"}],"curies":[{"name":"wp","href":"https:\/\/api.w.org\/{rel}","templated":true}]}}