{"id":8759,"date":"2024-03-02T18:13:03","date_gmt":"2024-03-02T17:13:03","guid":{"rendered":"https:\/\/calaisboissons.com\/?post_type=product&#038;p=8759"},"modified":"2024-03-04T08:59:46","modified_gmt":"2024-03-04T07:59:46","slug":"huile-dolive-vierge-extra-bio-1l-x10x12-1palette","status":"publish","type":"product","link":"https:\/\/calaisboissons.com\/index.php\/produit\/huile-dolive-vierge-extra-bio-1l-x10x12-1palette\/","title":{"rendered":"Huile d&rsquo;olive vierge extra Bio (1L x10x12) 1Palette"},"content":{"rendered":"<div id=\"product-ingredients\" class=\"main-details__block product-content\">\n<div class=\"product-content__content c-text c-text--size-s c-text--style-p\">\n<div>Huile d&rsquo;olive de cat\u00e9gorie sup\u00e9rieure obtenue directement des olives et uniquement par des proc\u00e9d\u00e9s m\u00e9caniques.<\/div>\n<\/div>\n<\/div>\n<div id=\"product-origin\" class=\"product-origin main-details__block\">\n<p class=\"product-origin__title c-text c-text--size-m c-text--style-p c-text--bold\">Origine<\/p>\n<div class=\"product-origin__content\">\n<div class=\"c-text c-text--size-s c-text--style-p\">UNION EUROPEENNE<\/div>\n<\/div>\n<\/div>\n<div id=\"nutritional-details\" class=\"nutritional-details main-details__block\">\n<div class=\"nutritional-details__title\">\n<p class=\"c-text c-text--size-m c-text--style-p c-text--bold\">Valeurs nutritionnelles<\/p>\n<\/div>\n<div class=\"nutritional-details__select-portion\">\n<p id=\"radio-label\" class=\"c-text c-text--size-m c-text--style-p c-text--bold\">Valable pour :<\/p>\n<div class=\"c-radio-group c-radio-group--inline\" role=\"radiogroup\" data-v-7e86b5f0=\"\" aria-describedby=\"radio-label\">\n<div class=\"c-radio\" data-v-786e91cd=\"\" data-v-7e86b5f0=\"\"><input id=\"c-radio-marcel-uid-ltac2yatck04g\" class=\"c-radio__radio sr-only\" name=\"Valeurs nutritionnelles\" type=\"radio\" value=\"100\" data-v-786e91cd=\"\" \/><label class=\"c-radio__label\" for=\"c-radio-marcel-uid-ltac2yatck04g\" data-v-786e91cd=\"\"><span data-v-7e86b5f0=\"\" data-v-786e91cd=\"\">100<\/span><\/label><\/div>\n<\/div>\n<\/div>\n<table class=\"nutritional-details__table\">\n<thead class=\"nutritional-details__header\">\n<tr>\n<th class=\"nutritional-details__header--column-title\"><\/th>\n<th class=\"nutritional-details__header--column-title\" scope=\"col\"><span class=\"c-text c-text--size-m c-text--style-p\">Valeurs nutritionnelles pour 100 ml<\/span><\/th>\n<\/tr>\n<\/thead>\n<tbody>\n<tr class=\"nutritional-fact nutritional-details__value\">\n<th class=\"nutritional-fact__item\" scope=\"row\"><span class=\"c-text c-text--size-m c-text--style-p\">Valeur \u00e9nerg\u00e9tique (kJ)<\/span><\/th>\n<td class=\"nutritional-fact__item\"><span class=\"c-text c-text--size-s c-text--style-p c-text--bold\">3378 kJ \/ 100 ml<\/span><\/td>\n<\/tr>\n<tr class=\"nutritional-fact nutritional-details__value\">\n<th class=\"nutritional-fact__item\" scope=\"row\"><span class=\"c-text c-text--size-m c-text--style-p\">Valeur \u00e9nerg\u00e9tique (kcal)<\/span><\/th>\n<td class=\"nutritional-fact__item\"><span class=\"c-text c-text--size-s c-text--style-p c-text--bold\">822 kcal \/ 100 ml<\/span><\/td>\n<\/tr>\n<tr class=\"nutritional-fact nutritional-details__value\">\n<th class=\"nutritional-fact__item\" scope=\"row\"><span class=\"c-text c-text--size-m c-text--style-p\">Matieres grasses<\/span><\/th>\n<td class=\"nutritional-fact__item\"><span class=\"c-text c-text--size-s c-text--style-p c-text--bold\">91 g \/ 100 ml<\/span><\/td>\n<\/tr>\n<tr class=\"nutritional-fact nutritional-details__value\">\n<th class=\"nutritional-fact__item\" scope=\"row\"><span class=\"c-text c-text--size-m c-text--style-p\">Dont acides gras satur\u00e9s<\/span><\/th>\n<td class=\"nutritional-fact__item\"><span class=\"c-text c-text--size-s c-text--style-p c-text--bold\">15 g \/ 100 ml<\/span><\/td>\n<\/tr>\n<tr class=\"nutritional-fact nutritional-details__value\">\n<th class=\"nutritional-fact__item\" scope=\"row\"><span class=\"c-text c-text--size-m c-text--style-p\">Dont acides gras mono-insatur\u00e9s<\/span><\/th>\n<td class=\"nutritional-fact__item\"><span class=\"c-text c-text--size-s c-text--style-p c-text--bold\">65 g \/ 100 ml<\/span><\/td>\n<\/tr>\n<tr class=\"nutritional-fact nutritional-details__value\">\n<th class=\"nutritional-fact__item\" scope=\"row\"><span class=\"c-text c-text--size-m c-text--style-p\">Dont acides gras polyinsatur\u00e9s<\/span><\/th>\n<td class=\"nutritional-fact__item\"><span class=\"c-text c-text--size-s c-text--style-p c-text--bold\">11 g \/ 100 ml<\/span><\/td>\n<\/tr>\n<\/tbody>\n<\/table>\n<\/div>\n","protected":false},"excerpt":{"rendered":"<p>Huile d&rsquo;olive vierge extra Bio (1L x10x12) 1Palette<\/p>\n<p>1L= 8.39 Euro x 10 le paquet<\/p>\n<p>12 paquets\/palette<\/p>\n","protected":false},"featured_media":8760,"template":"","meta":[],"product_cat":[72],"product_tag":[],"_links":{"self":[{"href":"https:\/\/calaisboissons.com\/index.php\/wp-json\/wp\/v2\/product\/8759"}],"collection":[{"href":"https:\/\/calaisboissons.com\/index.php\/wp-json\/wp\/v2\/product"}],"about":[{"href":"https:\/\/calaisboissons.com\/index.php\/wp-json\/wp\/v2\/types\/product"}],"version-history":[{"count":1,"href":"https:\/\/calaisboissons.com\/index.php\/wp-json\/wp\/v2\/product\/8759\/revisions"}],"predecessor-version":[{"id":8761,"href":"https:\/\/calaisboissons.com\/index.php\/wp-json\/wp\/v2\/product\/8759\/revisions\/8761"}],"wp:featuredmedia":[{"embeddable":true,"href":"https:\/\/calaisboissons.com\/index.php\/wp-json\/wp\/v2\/media\/8760"}],"wp:attachment":[{"href":"https:\/\/calaisboissons.com\/index.php\/wp-json\/wp\/v2\/media?parent=8759"}],"wp:term":[{"taxonomy":"product_cat","embeddable":true,"href":"https:\/\/calaisboissons.com\/index.php\/wp-json\/wp\/v2\/product_cat?post=8759"},{"taxonomy":"product_tag","embeddable":true,"href":"https:\/\/calaisboissons.com\/index.php\/wp-json\/wp\/v2\/product_tag?post=8759"}],"curies":[{"name":"wp","href":"https:\/\/api.w.org\/{rel}","templated":true}]}}