{"id":8756,"date":"2024-03-02T17:20:03","date_gmt":"2024-03-02T16:20:03","guid":{"rendered":"https:\/\/calaisboissons.com\/?post_type=product&#038;p=8756"},"modified":"2024-03-04T08:59:56","modified_gmt":"2024-03-04T07:59:56","slug":"huile-de-tournesol-10l-huile-de-cuisson-de-qualite-superieure","status":"publish","type":"product","link":"https:\/\/calaisboissons.com\/index.php\/produit\/huile-de-tournesol-10l-huile-de-cuisson-de-qualite-superieure\/","title":{"rendered":"Huile de tournesol 10L &#8211; Huile de cuisson de qualit\u00e9 sup\u00e9rieure"},"content":{"rendered":"<p>Huile de tournesol (10L) &#8211; Huile de cuisson de qualit\u00e9 sup\u00e9rieure<\/p>\n<p>10L<br \/>\n1 x 10L \/ Pack &#8211; 5.5 EUR (5.5 EUR \/ Unit\u00e9)<br \/>\nPrix \/ Palette : 418\u20ac<br \/>\n76 Plateaux \/ Palette<br \/>\nCommande minimum : 1 palettes<\/p>\n<p>Les produits auront une dur\u00e9e de conservation de 22 &#8211; 24 mois<\/p>\n","protected":false},"excerpt":{"rendered":"<p>Huile de tournesol (10L) &#8211; Huile de cuisson de qualit\u00e9 sup\u00e9rieure<\/p>\n<p>76 Plateaux \/ Palette<br \/>\nCommande minimum : 1 palettes<\/p>\n","protected":false},"featured_media":8757,"template":"","meta":[],"product_cat":[72],"product_tag":[],"_links":{"self":[{"href":"https:\/\/calaisboissons.com\/index.php\/wp-json\/wp\/v2\/product\/8756"}],"collection":[{"href":"https:\/\/calaisboissons.com\/index.php\/wp-json\/wp\/v2\/product"}],"about":[{"href":"https:\/\/calaisboissons.com\/index.php\/wp-json\/wp\/v2\/types\/product"}],"version-history":[{"count":3,"href":"https:\/\/calaisboissons.com\/index.php\/wp-json\/wp\/v2\/product\/8756\/revisions"}],"predecessor-version":[{"id":8783,"href":"https:\/\/calaisboissons.com\/index.php\/wp-json\/wp\/v2\/product\/8756\/revisions\/8783"}],"wp:featuredmedia":[{"embeddable":true,"href":"https:\/\/calaisboissons.com\/index.php\/wp-json\/wp\/v2\/media\/8757"}],"wp:attachment":[{"href":"https:\/\/calaisboissons.com\/index.php\/wp-json\/wp\/v2\/media?parent=8756"}],"wp:term":[{"taxonomy":"product_cat","embeddable":true,"href":"https:\/\/calaisboissons.com\/index.php\/wp-json\/wp\/v2\/product_cat?post=8756"},{"taxonomy":"product_tag","embeddable":true,"href":"https:\/\/calaisboissons.com\/index.php\/wp-json\/wp\/v2\/product_tag?post=8756"}],"curies":[{"name":"wp","href":"https:\/\/api.w.org\/{rel}","templated":true}]}}