{"id":8753,"date":"2024-03-02T17:14:49","date_gmt":"2024-03-02T16:14:49","guid":{"rendered":"https:\/\/calaisboissons.com\/?post_type=product&#038;p=8753"},"modified":"2024-03-04T09:00:09","modified_gmt":"2024-03-04T08:00:09","slug":"huile-de-tournesol-5l-huile-de-cuisson-de-qualite-superieure","status":"publish","type":"product","link":"https:\/\/calaisboissons.com\/index.php\/produit\/huile-de-tournesol-5l-huile-de-cuisson-de-qualite-superieure\/","title":{"rendered":"Huile de tournesol 5L &#8211; Huile de cuisson de qualit\u00e9 sup\u00e9rieure"},"content":{"rendered":"<p>Huile de tournesol (5L ) &#8211; Huile de cuisson de qualit\u00e9 sup\u00e9rieure<\/p>\n<p>5L<br \/>\n2 x 5L \/ Pack &#8211; 6 EUR (3 EUR \/ Unit\u00e9)<br \/>\n76 plateaux par palette<br \/>\nPrix \/ Palette : 456\u20ac<br \/>\nCommande minimum : 1 palettes<\/p>\n<p>Les produits auront une dur\u00e9e de conservation de 22 &#8211; 24 mois<\/p>\n","protected":false},"excerpt":{"rendered":"<p>2 x 5L \/ Pack &#8211; 6 EUR (3 EUR \/ Unit\u00e9)<br \/>\n76 plateaux par palette<br \/>\nPrix \/ Palette : 456\u20ac<br \/>\nCommande minimum : 1 palettes<\/p>\n","protected":false},"featured_media":8754,"template":"","meta":[],"product_cat":[72],"product_tag":[],"_links":{"self":[{"href":"https:\/\/calaisboissons.com\/index.php\/wp-json\/wp\/v2\/product\/8753"}],"collection":[{"href":"https:\/\/calaisboissons.com\/index.php\/wp-json\/wp\/v2\/product"}],"about":[{"href":"https:\/\/calaisboissons.com\/index.php\/wp-json\/wp\/v2\/types\/product"}],"version-history":[{"count":2,"href":"https:\/\/calaisboissons.com\/index.php\/wp-json\/wp\/v2\/product\/8753\/revisions"}],"predecessor-version":[{"id":8782,"href":"https:\/\/calaisboissons.com\/index.php\/wp-json\/wp\/v2\/product\/8753\/revisions\/8782"}],"wp:featuredmedia":[{"embeddable":true,"href":"https:\/\/calaisboissons.com\/index.php\/wp-json\/wp\/v2\/media\/8754"}],"wp:attachment":[{"href":"https:\/\/calaisboissons.com\/index.php\/wp-json\/wp\/v2\/media?parent=8753"}],"wp:term":[{"taxonomy":"product_cat","embeddable":true,"href":"https:\/\/calaisboissons.com\/index.php\/wp-json\/wp\/v2\/product_cat?post=8753"},{"taxonomy":"product_tag","embeddable":true,"href":"https:\/\/calaisboissons.com\/index.php\/wp-json\/wp\/v2\/product_tag?post=8753"}],"curies":[{"name":"wp","href":"https:\/\/api.w.org\/{rel}","templated":true}]}}