{"id":8576,"date":"2024-03-01T02:23:37","date_gmt":"2024-03-01T01:23:37","guid":{"rendered":"https:\/\/calaisboissons.com\/?page_id=8576"},"modified":"2024-03-01T14:30:56","modified_gmt":"2024-03-01T13:30:56","slug":"a-propos-de-la-livraison","status":"publish","type":"page","link":"https:\/\/calaisboissons.com\/index.php\/a-propos-de-la-livraison\/","title":{"rendered":"A propos de la livraison"},"content":{"rendered":"\t\t<div data-elementor-type=\"wp-page\" data-elementor-id=\"8576\" class=\"elementor elementor-8576\">\n\t\t\t\t<div class=\"elementor-element elementor-element-f699583 e-flex e-con-boxed e-con e-parent\" data-id=\"f699583\" data-element_type=\"container\" data-settings=\"{&quot;content_width&quot;:&quot;boxed&quot;}\" data-core-v316-plus=\"true\">\n\t\t\t\t\t<div class=\"e-con-inner\">\n\t\t\t\t<div class=\"elementor-element elementor-element-bc3c520 elementor-widget elementor-widget-heading\" data-id=\"bc3c520\" data-element_type=\"widget\" data-widget_type=\"heading.default\">\n\t\t\t\t<div class=\"elementor-widget-container\">\n\t\t\t<style>\/*! elementor - v3.19.0 - 28-02-2024 *\/\n.elementor-heading-title{padding:0;margin:0;line-height:1}.elementor-widget-heading .elementor-heading-title[class*=elementor-size-]>a{color:inherit;font-size:inherit;line-height:inherit}.elementor-widget-heading .elementor-heading-title.elementor-size-small{font-size:15px}.elementor-widget-heading .elementor-heading-title.elementor-size-medium{font-size:19px}.elementor-widget-heading .elementor-heading-title.elementor-size-large{font-size:29px}.elementor-widget-heading .elementor-heading-title.elementor-size-xl{font-size:39px}.elementor-widget-heading .elementor-heading-title.elementor-size-xxl{font-size:59px}<\/style><h2 class=\"elementor-heading-title elementor-size-default\">ATTENTION\u00a0!\u00a0\n\nLES COLIS NON R\u00c9CUP\u00c9R\u00c9S EN POINT RELAIS OU BUREAUX DE POSTE, NE SERONT EN AUCUN CAS REMBOURS\u00c9S.\n\nMERCI POUR VOTRE COMPR\u00c9HENSION<\/h2>\t\t<\/div>\n\t\t\t\t<\/div>\n\t\t\t\t\t<\/div>\n\t\t\t\t<\/div>\n\t\t<div class=\"elementor-element elementor-element-dda31a5 e-flex e-con-boxed e-con e-parent\" data-id=\"dda31a5\" data-element_type=\"container\" data-settings=\"{&quot;content_width&quot;:&quot;boxed&quot;}\" data-core-v316-plus=\"true\">\n\t\t\t\t\t<div class=\"e-con-inner\">\n\t\t\t\t<div class=\"elementor-element elementor-element-435abc2 elementor-widget elementor-widget-spacer\" data-id=\"435abc2\" data-element_type=\"widget\" data-widget_type=\"spacer.default\">\n\t\t\t\t<div class=\"elementor-widget-container\">\n\t\t\t<style>\/*! elementor - v3.19.0 - 28-02-2024 *\/\n.elementor-column .elementor-spacer-inner{height:var(--spacer-size)}.e-con{--container-widget-width:100%}.e-con-inner>.elementor-widget-spacer,.e-con>.elementor-widget-spacer{width:var(--container-widget-width,var(--spacer-size));--align-self:var(--container-widget-align-self,initial);--flex-shrink:0}.e-con-inner>.elementor-widget-spacer>.elementor-widget-container,.e-con>.elementor-widget-spacer>.elementor-widget-container{height:100%;width:100%}.e-con-inner>.elementor-widget-spacer>.elementor-widget-container>.elementor-spacer,.e-con>.elementor-widget-spacer>.elementor-widget-container>.elementor-spacer{height:100%}.e-con-inner>.elementor-widget-spacer>.elementor-widget-container>.elementor-spacer>.elementor-spacer-inner,.e-con>.elementor-widget-spacer>.elementor-widget-container>.elementor-spacer>.elementor-spacer-inner{height:var(--container-widget-height,var(--spacer-size))}.e-con-inner>.elementor-widget-spacer.elementor-widget-empty,.e-con>.elementor-widget-spacer.elementor-widget-empty{position:relative;min-height:22px;min-width:22px}.e-con-inner>.elementor-widget-spacer.elementor-widget-empty .elementor-widget-empty-icon,.e-con>.elementor-widget-spacer.elementor-widget-empty .elementor-widget-empty-icon{position:absolute;top:0;bottom:0;left:0;right:0;margin:auto;padding:0;width:22px;height:22px}<\/style>\t\t<div class=\"elementor-spacer\">\n\t\t\t<div class=\"elementor-spacer-inner\"><\/div>\n\t\t<\/div>\n\t\t\t\t<\/div>\n\t\t\t\t<\/div>\n\t\t\t\t<div class=\"elementor-element elementor-element-e923d1c elementor-widget elementor-widget-wd_text_block\" data-id=\"e923d1c\" data-element_type=\"widget\" data-widget_type=\"wd_text_block.default\">\n\t\t\t\t<div class=\"elementor-widget-container\">\n\t\t\t\t\t<div class=\"wd-text-block reset-last-child text-left\">\n\t\t\t\n\t\t\t<p style=\"font-weight: 400;\">Nous assurons l'exp\u00e9dition de vos commandes en\u00a0<b><strong>moins de 24h<\/strong><\/b>\u00a0avec suivi,\u00a0<b><strong>du lundi au vendredi<\/strong><\/b>\u00a0(exp\u00e9dition samedi midi des commandes pass\u00e9es vendredi soir).<\/p><p style=\"font-weight: 400;\">En cas de perte ou de vol, nous nous engageons \u00e0 renvoyer votre commande le plus rapidement possible.<\/p><p style=\"font-weight: 400;\">Lors de la livraison, il est primordial de contr\u00f4ler l'\u00e9tat du colis ainsi que le contenu en pr\u00e9sence du transporteur avant toute signature. Si l'on vous refuse cette v\u00e9rification ou si des produits sont manquants ou d\u00e9t\u00e9rior\u00e9s, n'h\u00e9sitez pas \u00e0 refuser le colis. Si vous acceptez le colis, veuillez notifier la nature exacte du probl\u00e8me au livreur ou aux personnels du point relais (prendre des photos si possible). Dans tous les cas, veuillez nous contacter par \u00a0mail \u00e0 l'adresse : support@calaisboissons.com.<\/p><p style=\"font-weight: 400;\">Ne pas suivre ces r\u00e8gles \u00e9l\u00e9mentaires vous fait perdre tous vos droits.<\/p><p style=\"font-weight: 400;\"><b><strong>Nos transporteurs et modes de livraisons :\u00a0<\/strong><\/b><\/p><p style=\"font-weight: 400;\">\u00a0<b><strong>POINT RELAIS<\/strong><\/b>\u00a0avec<b><strong>\u00a0Mondial Relay\u00a0ou\u00a0UPS Access Point\u2122<\/strong><\/b>\u00a0(France\u00a0m\u00e9tropolitaine) :<\/p><ul style=\"font-weight: 400;\"><li>Vous \u00eates inform\u00e9 de la mise \u00e0 disposition de l'envoi par email et\/ou sms<\/li><li>Suivi en ligne possible<\/li><\/ul><p style=\"font-weight: 400;\">D\u00e9lais de livraison (jours ouvr\u00e9s) : entre 2 et 5 jours (d\u00e9lai non garanti par le transporteur).<\/p><p style=\"font-weight: 400;\">L'envoi reste \u00e0 disposition pendant\u00a0<b><strong>14 jours<\/strong><\/b>\u00a0avec\u00a0<b><strong>Mondial Relay<\/strong><\/b>\u00a0et\u00a0seulement\u00a0<b><strong>7 jours<\/strong><\/b>\u00a0pour<b><strong>\u00a0UPS Access Point\u2122<\/strong><\/b><\/p><p style=\"font-weight: 400;\"><b><strong>La livraison en point relais offerte \u00e0 partir de 30 \u20ac TTC<\/strong><\/b><\/p><table style=\"font-weight: 400;\" width=\"274\"><tbody><tr><td colspan=\"2\" width=\"604\"><p style=\"font-weight: 400;\"><b><strong>Frais de port<\/strong><\/b><\/p><\/td><\/tr><tr><td width=\"302\"><p style=\"font-weight: 400;\">0\u00a0\u20ac \u00e0 30 \u20ac TTC<\/p><\/td><td width=\"302\"><p style=\"font-weight: 400;\">4.90 \u20ac TTC<\/p><\/td><\/tr><tr><td width=\"302\"><p style=\"font-weight: 400;\">+ de 30 \u20ac TTC<\/p><\/td><td width=\"302\"><p style=\"font-weight: 400;\">Offerte<\/p><\/td><\/tr><\/tbody><\/table><p style=\"font-weight: 400;\"><b><strong>Fais Toi Livrer<\/strong><\/b>\u00a0\u00e0\u00a0<b><strong>DOMICILE<\/strong><\/b>\u00a0avec\u00a0<b><strong>CHRONOPOST<\/strong><\/b>\u00a0(France\u00a0m\u00e9tropolitaine) :<\/p><p style=\"font-weight: 400;\">D\u00e9lais de livraison (jours ouvr\u00e9s) : entre 1 \u00e0 2 jours (d\u00e9lai non garanti par le transporteur)<\/p><p style=\"font-weight: 400;\">Suivi en ligne possible<br \/>Livraison contre signature ou cachet commercial<\/p><p style=\"font-weight: 400;\"><b><strong>La livraison \u00e0 domicile offerte \u00e0 partir de 45 \u20ac TTC<\/strong><\/b><\/p><table style=\"font-weight: 400;\" width=\"274\"><tbody><tr><td width=\"604\"><p style=\"font-weight: 400;\"><b><strong>Frais de port<\/strong><\/b><\/p><\/td><\/tr><\/tbody><\/table><table style=\"font-weight: 400;\" width=\"271\"><tbody><tr><td width=\"302\"><p style=\"font-weight: 400;\">De 0\u00a0\u20ac TTC \u00e0 10 \u20ac TTC<\/p><\/td><td width=\"302\"><p style=\"font-weight: 400;\">11,90\u00a0\u20ac\u00a0TTC<\/p><\/td><\/tr><tr><td width=\"302\"><p style=\"font-weight: 400;\">10\u00a0\u20ac TTC \u00e0 20\u00a0\u20ac TTC<\/p><\/td><td width=\"302\"><p style=\"font-weight: 400;\">9,90\u00a0\u20ac\u00a0TTC<\/p><\/td><\/tr><tr><td width=\"302\"><p style=\"font-weight: 400;\">20\u00a0\u20ac TTC \u00e0 45\u00a0\u20ac TTC<\/p><\/td><td width=\"302\"><p style=\"font-weight: 400;\">5,90\u00a0\u20ac TTC<\/p><\/td><\/tr><tr><td width=\"302\"><p style=\"font-weight: 400;\">+ de 45\u00a0\u20ac TTC<\/p><\/td><td width=\"302\"><p style=\"font-weight: 400;\">Offerte TTC<\/p><\/td><\/tr><\/tbody><\/table><p style=\"font-weight: 400;\"><b><strong>Attention<\/strong><\/b>\u00a0! En cas d'absence \u00e0 votre domicile, le transporteur Chronopost se r\u00e9serve le droit de d\u00e9poser votre colis dans un bureau de Poste \u00e0 proximit\u00e9 sans m\u00eame le repr\u00e9senter une deuxi\u00e8me fois dans la plupart des cas. Malheureusement nous ne pouvons pas intervenir face \u00e0 ce genre de pratiques et nous ne serons en aucun cas tenus responsables. Merci pour votre compr\u00e9hension.<\/p><p style=\"font-weight: 400;\">Vous avez la possibilit\u00e9 de retirer gratuitement et directement vos commandes a notre si\u00e8ge.<\/p><p style=\"font-weight: 400;\"><b><strong>(Sauf dimanche de 14h00 \u00e0 18h00)<\/strong><\/b><\/p><p>\u00a0<\/p>\n\t\t\t\t\t<\/div>\n\t\t\t\t<\/div>\n\t\t\t\t<\/div>\n\t\t\t\t\t<\/div>\n\t\t\t\t<\/div>\n\t\t\t\t<\/div>\n\t\t","protected":false},"excerpt":{"rendered":"<p>ATTENTION\u00a0!\u00a0 LES COLIS NON R\u00c9CUP\u00c9R\u00c9S EN POINT RELAIS OU BUREAUX DE POSTE, NE SERONT EN AUCUN CAS REMBOURS\u00c9S. MERCI POUR<\/p>\n","protected":false},"author":1,"featured_media":0,"parent":0,"menu_order":0,"comment_status":"closed","ping_status":"closed","template":"elementor_header_footer","meta":{"footnotes":""},"_links":{"self":[{"href":"https:\/\/calaisboissons.com\/index.php\/wp-json\/wp\/v2\/pages\/8576"}],"collection":[{"href":"https:\/\/calaisboissons.com\/index.php\/wp-json\/wp\/v2\/pages"}],"about":[{"href":"https:\/\/calaisboissons.com\/index.php\/wp-json\/wp\/v2\/types\/page"}],"author":[{"embeddable":true,"href":"https:\/\/calaisboissons.com\/index.php\/wp-json\/wp\/v2\/users\/1"}],"replies":[{"embeddable":true,"href":"https:\/\/calaisboissons.com\/index.php\/wp-json\/wp\/v2\/comments?post=8576"}],"version-history":[{"count":7,"href":"https:\/\/calaisboissons.com\/index.php\/wp-json\/wp\/v2\/pages\/8576\/revisions"}],"predecessor-version":[{"id":8615,"href":"https:\/\/calaisboissons.com\/index.php\/wp-json\/wp\/v2\/pages\/8576\/revisions\/8615"}],"wp:attachment":[{"href":"https:\/\/calaisboissons.com\/index.php\/wp-json\/wp\/v2\/media?parent=8576"}],"curies":[{"name":"wp","href":"https:\/\/api.w.org\/{rel}","templated":true}]}}