{"id":4400,"date":"2021-10-12T15:51:09","date_gmt":"2021-10-12T15:51:09","guid":{"rendered":"http:\/\/dummy.xtemos.com\/woodmart2\/elementor\/?page_id=4400"},"modified":"2025-05-30T03:24:18","modified_gmt":"2025-05-30T01:24:18","slug":"about-us-3","status":"publish","type":"page","link":"https:\/\/calaisboissons.com\/index.php\/about-us-3\/","title":{"rendered":"A propos de nous"},"content":{"rendered":"\t\t<div data-elementor-type=\"wp-page\" data-elementor-id=\"4400\" class=\"elementor elementor-4400\">\n\t\t\t\t<div class=\"elementor-element elementor-element-bb007fe e-flex e-con-boxed e-con e-parent\" data-id=\"bb007fe\" data-element_type=\"container\" data-settings=\"{&quot;content_width&quot;:&quot;boxed&quot;}\" data-core-v316-plus=\"true\">\n\t\t\t\t\t<div class=\"e-con-inner\">\n\t\t\t\t<div class=\"elementor-element elementor-element-ba45ac4 elementor-widget elementor-widget-wd_text_block\" data-id=\"ba45ac4\" data-element_type=\"widget\" data-widget_type=\"wd_text_block.default\">\n\t\t\t\t<div class=\"elementor-widget-container\">\n\t\t\t\t\t<div class=\"wd-text-block reset-last-child text-left\">\n\t\t\t\n\t\t\t<p style=\"font-weight: 400;\"><strong>CALAIS BOISSONS SERVICES<\/strong> \u00a9 est un magasin 100% en ligne fond\u00e9e depuis 15 ans <strong>RUE TOM SOUVILLE, 62100 CALAIS France<\/strong><strong class=\"ft-bold\">.<\/strong><\/p><table id=\"rensjur\" class=\"Table identity mt-16\" style=\"height: 76px;\" width=\"307\"><tbody><tr><td class=\"arrow\">Num\u00e9ro SIREN<\/td><td class=\"no-padding arrow\"><div class=\"copyNumber\"><div id=\"siren_number\" class=\"copyNumber__number\"><span class=\"copyNumber__copy\">524052735<\/span><\/div><\/div><\/td><\/tr><tr><td class=\"arrow\">Num\u00e9ro SIRET\u00a0<\/td><td class=\"no-padding arrow\"><div class=\"copyNumber\"><div id=\"siret_number\" class=\"copyNumber__number\"><span class=\"copyNumber__copy\">52405273500015<\/span><\/div><\/div><\/td><\/tr><tr><td class=\"arrow\">Num\u00e9ro RCS<\/td><td>Boulogne B 524052735<\/td><\/tr><\/tbody><\/table><p style=\"font-weight: 400;\">Ouvert aux\u00a0<b><strong>particuliers<\/strong><\/b>\u00a0et aux\u00a0<b><strong>professionnels,\u00a0<\/strong><\/b>notre boutique vous permet d'acc\u00e9der \u00e0\u00a0<b><strong>une large gamme de produits ethnique de qualit\u00e9 \u00e0 des prix d\u00e9fiant toutes concurrences.<\/strong><\/b>\u00a0Nous mettons \u00e0 votre disposition\u00a0<b><strong>des articles soigneusement s\u00e9lectionn\u00e9s afin de vous faire profiter des meilleurs produits et du meilleur service<\/strong><\/b>.<\/p><p style=\"font-weight: 400;\"><b><strong>SERVICE DE QUALIT\u00c9 :<\/strong><\/b><\/p><p style=\"font-weight: 400;\">Commander en toute tranquillit\u00e9 !\u00a0<\/p><p style=\"font-weight: 400;\">Votre satisfaction reste notre priorit\u00e9, pour vous proposer le meilleur service. Nous assurons tous nos colis, ce qui nous permet d'\u00eatre tr\u00e8s r\u00e9actif en cas de probl\u00e8me avec le transporteur et de tout prendre en charge (casse, perte, etc...). \u00a0<\/p><p style=\"font-weight: 400;\">Nous sommes toujours \u00e0 la recherche de nouveaut\u00e9.\u00a0Si vous ne trouvez pas sur ce site Les produits dont vous avez besoin, nous pouvons vous les procurer, n'h\u00e9sitez pas \u00e0\u00a0nous contacter pour plus d'information.<\/p><p style=\"font-weight: 400;\"><b><strong>Paiement s\u00e9curis\u00e9<\/strong><\/b><\/p><p style=\"font-weight: 400;\">Avec Charlet Store, commandez en toute confiance et payez vos achats en toute s\u00e9curit\u00e9 gr\u00e2ce aux modes de paiement s\u00e9lectionn\u00e9s par nos soins.<\/p><p style=\"font-weight: 400;\">Carte bancaire avec STRIPE\u00a0:<\/p><p style=\"font-weight: 400;\">La s\u00e9curit\u00e9 des transactions par cartes bancaires est assur\u00e9e par le moyen de paiement STRIPE. Pour garantir la confidentialit\u00e9 de vos donn\u00e9es, celles-ci sont crypt\u00e9es au moment de leur transmission, nous n\u2019avons donc pas acc\u00e8s \u00e0 vos coordonn\u00e9es bancaires.<\/p><p style=\"font-weight: 400;\">Stripe permet avec son t\u00e9l\u00e9phone de payer via Navigateur web, mobile et tablette sans aucune redirection vers un site tierce. Le tout est r\u00e9alis\u00e9 en\u00a0<em>Node.js<\/em>\u00a0ou via un plugin si c\u2019est sur une application mobile.<\/p><p style=\"font-weight: 400;\">Du c\u00f4t\u00e9 de la s\u00e9curit\u00e9, la soci\u00e9t\u00e9 est certifi\u00e9e\u00a0<a href=\"http:\/\/www.visa.com\/splisting\/searchGrsp.do?companyNameCriteria=stripe\">PCI Service Provider Level 1<\/a>. Ce qui indique un bon niveau de maturit\u00e9 de ce c\u00f4t\u00e9-l\u00e0. Pour rappel, PCI\/DSS est une certification qui impose beaucoup de r\u00e8gles de s\u00e9curit\u00e9 avec des audits r\u00e9guliers. Les num\u00e9ros de cartes bleues sont chiffr\u00e9s en AES-256 et les cl\u00e9s de d\u00e9chiffrements sont stock\u00e9es sur des machines s\u00e9par\u00e9es.<\/p><p style=\"font-weight: 400;\">Paypal\u00a0:<\/p><p style=\"font-weight: 400;\">Si vous poss\u00e9dez un compte PayPal, il vous est possible de l\u2019utiliser pour payer vos commandes sans donner vos coordonn\u00e9es bancaires.<\/p><p style=\"font-weight: 400;\"><b><strong>Protection des donn\u00e9es<\/strong><\/b><\/p><p style=\"font-weight: 400;\">Notre soci\u00e9t\u00e9\u00a9 s\u2019engage \u00e0 respecter le Code de D\u00e9ontologie des Professionnels du Marketing Direct vis \u00e0 vis de la Protection des Donn\u00e9es \u00e0 Caract\u00e8re Personnel.<\/p><p style=\"font-weight: 400;\"><strong>CALAIS BOISSONS SERVICES<\/strong> souligne que, conform\u00e9ment \u00e0 la loi n\u00b0 78-17 du 6 janvier 1978, dite \" informatique et libert\u00e9s \", le client dispose d'un droit d'opposition, d'acc\u00e8s et de rectification des informations nominatives le concernant. Il peut exiger \u00e0 la Soci\u00e9t\u00e9, par voie de lettre simple adress\u00e9e \u00e0 l'adresse suivante \u2013 <strong>21 RUE TOM SOUVILLE, 62100 CALAIS<\/strong> France\u00a0de rectifier, compl\u00e9ter ou effacer les informations le concernant.<\/p><p style=\"font-weight: 400;\">La Soci\u00e9t\u00e9 <strong>CALAIS BOISSONS SERVICES\u00a0<\/strong>se r\u00e9serve le droit de conserver, \u00e0 des fins de preuve, et de mani\u00e8re strictement confidentielle, toute information sur le client pendant un d\u00e9lai maximum correspondant \u00e0 la dur\u00e9e de prescription des actions en responsabilit\u00e9 civile conform\u00e9ment \u00e0 l'article 2262 du Code Civil.<\/p>\n\t\t\t\t\t<\/div>\n\t\t\t\t<\/div>\n\t\t\t\t<\/div>\n\t\t\t\t\t<\/div>\n\t\t\t\t<\/div>\n\t\t\t\t<\/div>\n\t\t","protected":false},"excerpt":{"rendered":"<p>CALAIS BOISSONS SERVICES \u00a9 est un magasin 100% en ligne fond\u00e9e depuis 15 ans RUE TOM SOUVILLE, 62100 CALAIS France.<\/p>\n","protected":false},"author":1,"featured_media":0,"parent":0,"menu_order":0,"comment_status":"closed","ping_status":"closed","template":"","meta":{"footnotes":""},"_links":{"self":[{"href":"https:\/\/calaisboissons.com\/index.php\/wp-json\/wp\/v2\/pages\/4400"}],"collection":[{"href":"https:\/\/calaisboissons.com\/index.php\/wp-json\/wp\/v2\/pages"}],"about":[{"href":"https:\/\/calaisboissons.com\/index.php\/wp-json\/wp\/v2\/types\/page"}],"author":[{"embeddable":true,"href":"https:\/\/calaisboissons.com\/index.php\/wp-json\/wp\/v2\/users\/1"}],"replies":[{"embeddable":true,"href":"https:\/\/calaisboissons.com\/index.php\/wp-json\/wp\/v2\/comments?post=4400"}],"version-history":[{"count":31,"href":"https:\/\/calaisboissons.com\/index.php\/wp-json\/wp\/v2\/pages\/4400\/revisions"}],"predecessor-version":[{"id":9100,"href":"https:\/\/calaisboissons.com\/index.php\/wp-json\/wp\/v2\/pages\/4400\/revisions\/9100"}],"wp:attachment":[{"href":"https:\/\/calaisboissons.com\/index.php\/wp-json\/wp\/v2\/media?parent=4400"}],"curies":[{"name":"wp","href":"https:\/\/api.w.org\/{rel}","templated":true}]}}